{"id":247,"date":"2016-08-02T15:41:32","date_gmt":"2016-08-02T15:41:32","guid":{"rendered":"http:\/\/www.wrm-systems.com\/wordpress\/?page_id=247"},"modified":"2022-09-11T09:15:43","modified_gmt":"2022-09-11T09:15:43","slug":"vesimittarit","status":"publish","type":"page","link":"https:\/\/www.wrm-systems.fi\/index.php\/vesimittarit\/","title":{"rendered":"Vesimittarit"},"content":{"rendered":"<div id=\"dslc-theme-content\"><div id=\"dslc-theme-content-inner\"><div id=\"pl-247\"  class=\"panel-layout\" ><div id=\"pg-247-0\"  class=\"panel-grid panel-has-style\" ><div style=\"padding: 100px 0; \" data-overlay=\"true\" class=\"panel-row-style panel-row-style-for-247-0\" ><div id=\"pgc-247-0-0\"  class=\"panel-grid-cell\" ><div id=\"panel-247-0-0-0\" class=\"so-panel widget widget_sow-editor panel-first-child\" data-index=\"0\" ><div style=\"text-align: left;\" data-title-color=\"#443f3f\" data-headings-color=\"#443f3f\" class=\"panel-widget-style panel-widget-style-for-247-0-0-0\" ><div\n\t\t\t\n\t\t\tclass=\"so-widget-sow-editor so-widget-sow-editor-base\"\n\t\t\t\n\t\t>\n<div class=\"siteorigin-widget-tinymce textwidget\">\n\t<p>Tarjoamme vesilaitoksille alustan vedenkulutuksen, verkoston vesitaseiden ja vuotojen sek\u00e4 h\u00e4lytysten seurantaan t\u00e4ysin selainpohjaisen palvelun. Lis\u00e4ksi vesilaitoksen asiakkaat saavat oman palvelun veden kulutuksen seurantaan, viikottaiset ja kuukausittaiset raportit kulutuksesta suoraan s\u00e4hk\u00f6postiin ja vuodoista tekstiviesteill\u00e4. J\u00e4rjestelm\u00e4mme on yhteensopiva \u00e4lykk\u00e4iden vesimittareiden, paine ja virtaama-antureiden sek\u00e4 luonnollisesti IoT-verkkojen kuten Digitan LoRaWan, NB-IoT ja Sigfoxin kanssa.<\/p>\n<p>&nbsp;<\/p>\n<\/div>\n<\/div><\/div><\/div><div id=\"panel-247-0-0-1\" class=\"so-panel widget widget_sow-image panel-last-child\" data-index=\"1\" ><div style=\"text-align: left;\" data-title-color=\"#443f3f\" data-headings-color=\"#443f3f\" class=\"panel-widget-style panel-widget-style-for-247-0-0-1\" ><div\n\t\t\t\n\t\t\tclass=\"so-widget-sow-image so-widget-sow-image-default-8b5b6f678277-247\"\n\t\t\t\n\t\t>\n\n<div class=\"sow-image-container\">\n\t\t<img decoding=\"async\" src=\"https:\/\/www.wrm-systems.fi\/wp-content\/uploads\/2020\/04\/Kuvat-vedenkulutus.png\" width=\"1280\" height=\"720\" srcset=\"https:\/\/www.wrm-systems.fi\/wp-content\/uploads\/2020\/04\/Kuvat-vedenkulutus.png 1280w, https:\/\/www.wrm-systems.fi\/wp-content\/uploads\/2020\/04\/Kuvat-vedenkulutus-300x169.png 300w, https:\/\/www.wrm-systems.fi\/wp-content\/uploads\/2020\/04\/Kuvat-vedenkulutus-1024x576.png 1024w, https:\/\/www.wrm-systems.fi\/wp-content\/uploads\/2020\/04\/Kuvat-vedenkulutus-768x432.png 768w, https:\/\/www.wrm-systems.fi\/wp-content\/uploads\/2020\/04\/Kuvat-vedenkulutus-830x467.png 830w, https:\/\/www.wrm-systems.fi\/wp-content\/uploads\/2020\/04\/Kuvat-vedenkulutus-230x129.png 230w, https:\/\/www.wrm-systems.fi\/wp-content\/uploads\/2020\/04\/Kuvat-vedenkulutus-350x197.png 350w, https:\/\/www.wrm-systems.fi\/wp-content\/uploads\/2020\/04\/Kuvat-vedenkulutus-480x270.png 480w\" sizes=\"(max-width: 1280px) 100vw, 1280px\" title=\"Kuvat vedenkulutus\" alt=\"\" loading=\"lazy\" \t\tclass=\"so-widget-image\"\/>\n\t<\/div>\n\n<\/div><\/div><\/div><\/div><\/div><\/div><\/div><\/div><\/div>","protected":false},"excerpt":{"rendered":"<p>Tarjoamme vesilaitoksille alustan vedenkulutuksen, verkoston vesitaseiden ja vuotojen sek\u00e4 h\u00e4lytysten seurantaan t\u00e4ysin selainpohjaisen palvelun. Lis\u00e4ksi vesilaitoksen asiakkaat saavat oman palvelun [&hellip;]<\/p>\n","protected":false},"author":2,"featured_media":0,"parent":0,"menu_order":0,"comment_status":"closed","ping_status":"closed","template":"page-templates\/page_front-page.php","meta":{"footnotes":""},"_links":{"self":[{"href":"https:\/\/www.wrm-systems.fi\/index.php\/wp-json\/wp\/v2\/pages\/247"}],"collection":[{"href":"https:\/\/www.wrm-systems.fi\/index.php\/wp-json\/wp\/v2\/pages"}],"about":[{"href":"https:\/\/www.wrm-systems.fi\/index.php\/wp-json\/wp\/v2\/types\/page"}],"author":[{"embeddable":true,"href":"https:\/\/www.wrm-systems.fi\/index.php\/wp-json\/wp\/v2\/users\/2"}],"replies":[{"embeddable":true,"href":"https:\/\/www.wrm-systems.fi\/index.php\/wp-json\/wp\/v2\/comments?post=247"}],"version-history":[{"count":17,"href":"https:\/\/www.wrm-systems.fi\/index.php\/wp-json\/wp\/v2\/pages\/247\/revisions"}],"predecessor-version":[{"id":555,"href":"https:\/\/www.wrm-systems.fi\/index.php\/wp-json\/wp\/v2\/pages\/247\/revisions\/555"}],"wp:attachment":[{"href":"https:\/\/www.wrm-systems.fi\/index.php\/wp-json\/wp\/v2\/media?parent=247"}],"curies":[{"name":"wp","href":"https:\/\/api.w.org\/{rel}","templated":true}]}}