{"id":40,"date":"2016-05-14T15:40:02","date_gmt":"2016-05-14T15:40:02","guid":{"rendered":"https:\/\/www.wrm-systems.fi\/wordpress\/?page_id=40"},"modified":"2022-09-11T12:04:24","modified_gmt":"2022-09-11T12:04:24","slug":"homepage","status":"publish","type":"page","link":"https:\/\/www.wrm-systems.fi\/","title":{"rendered":"Homepage"},"content":{"rendered":"<div id=\"dslc-theme-content\"><div id=\"dslc-theme-content-inner\"><div id=\"pl-40\"  class=\"panel-layout\" ><div id=\"pg-40-0\"  class=\"panel-grid panel-has-style\" ><div style=\"padding: 100px 0; \" data-overlay=\"true\" class=\"panel-row-style panel-row-style-for-40-0\" ><div id=\"pgc-40-0-0\"  class=\"panel-grid-cell\" ><div id=\"panel-40-0-0-0\" class=\"so-panel widget widget_sydney_services_type_b sydney_services_b_widget panel-first-child\" data-index=\"0\" ><div style=\"text-align: left;\" data-title-color=\"#443f3f\" data-headings-color=\"#443f3f\" class=\"panel-widget-style panel-widget-style-for-40-0-0-0\" >\t\t\t<h3 class=\"widget-title\">ET\u00c4LUETTAVAT JA MEKAANISET VESIMITTARIT<\/h3>\r\n\t\t\t\t<div class=\"roll-icon-list\">\r\n\t\t\t\t\t\t\t\t\t\t\t\t\t\t\t\t\t\t\t\t\t\t\t<div class=\"service clearfix \">\r\n\t\t\t\t\t\t\t<div class=\"list-item clearfix\">\r\n\t\t\t\t\t\t\t\t\t\t\t\t\t\t\t\t\t<div class=\"service-thumb\">\r\n\t\t\t\t\t\t\t\t\t\t\t\t\t\t\t\t\t\t\t\t\t<a href=\"http:\/\/www.wrm-systems.com\/fi\/index.php\/vesimittarit\/\"><img loading=\"lazy\" decoding=\"async\" width=\"350\" height=\"197\" src=\"https:\/\/www.wrm-systems.fi\/wp-content\/uploads\/2020\/04\/Kuvat-vedenkulutus-350x197.png\" class=\"attachment-sydney-service-thumb size-sydney-service-thumb wp-post-image\" alt=\"\" srcset=\"https:\/\/www.wrm-systems.fi\/wp-content\/uploads\/2020\/04\/Kuvat-vedenkulutus-350x197.png 350w, https:\/\/www.wrm-systems.fi\/wp-content\/uploads\/2020\/04\/Kuvat-vedenkulutus-300x169.png 300w, https:\/\/www.wrm-systems.fi\/wp-content\/uploads\/2020\/04\/Kuvat-vedenkulutus-1024x576.png 1024w, https:\/\/www.wrm-systems.fi\/wp-content\/uploads\/2020\/04\/Kuvat-vedenkulutus-768x432.png 768w, https:\/\/www.wrm-systems.fi\/wp-content\/uploads\/2020\/04\/Kuvat-vedenkulutus-830x467.png 830w, https:\/\/www.wrm-systems.fi\/wp-content\/uploads\/2020\/04\/Kuvat-vedenkulutus-230x129.png 230w, https:\/\/www.wrm-systems.fi\/wp-content\/uploads\/2020\/04\/Kuvat-vedenkulutus-480x270.png 480w, https:\/\/www.wrm-systems.fi\/wp-content\/uploads\/2020\/04\/Kuvat-vedenkulutus.png 1280w\" sizes=\"(max-width: 350px) 100vw, 350px\" \/><\/a>\t\t\t\t\t\t\t\t\t\t\t\t\t\t\t\t\t\t\t<\/div>\r\n\t\t\t\t\t\t\t\t\t\t\t\t\t\t\t\t<div class=\"content\">\r\n\t\t\t\t\t\t\t\t\t<h3>\r\n\t\t\t\t\t\t\t\t\t\t\t\t\t\t\t\t\t\t\t\t\t<a href=\"http:\/\/www.wrm-systems.com\/fi\/index.php\/vesimittarit\/\">Vesimittarit<\/a>\r\n\t\t\t\t\t\t\t\t\t\t\t\t\t\t\t\t\t\t\t<\/h3>\r\n\t\t\t\t\t\t\t\t\t\t\t\t\t\t\t\t\t\r\n\t\t\t\t\t\t\t\t\t\t<div id=\"dslc-theme-content\"><div id=\"dslc-theme-content-inner\"><p style=\"color: #0000ff; text-align: left;\"><span style=\"color: #000000;\">Vesilaitosten ja kiinteist\u00f6jen oman vedenkulutuksen seuranta ei ole toistaiseksi ollut n\u00e4in helppoa. J\u00e4rjestelm\u00e4mme on yhteensopiva IoT tuotteiden kuten \u00e4lykk\u00e4iden vesimittareiden, paine ja virtaama-antureiden sek\u00e4 luonnollisesti IoT-verkkojen kuten Digitan LoRaWan, NB-IoT ja Sigfoxin kanssa.<\/span><\/p>\n<p style=\"color: #0000ff; text-align: left;\"><span style=\"color: #000000;\"><strong>Vesilaitoksille<\/strong> tarjoamme selainpohjaisen palvelun jossa seurataan automaattisesti<br \/>\n<\/span><\/p>\n<ul>\n<li><span style=\"color: #000000;\">vedenkulutusta<\/span><\/li>\n<li><span style=\"color: #000000;\">vuotoja <\/span><\/li>\n<li>verkoston vesitasetta<\/li>\n<\/ul>\n<p>kaikki tulokset esitetet\u00e4\u00e4n selke\u00e4sti niin karttapohjalla kuin kuvaajissa ja taulukoissa.<\/p>\n<p>______________________________________________________________________________________________________________________________________<\/p>\n<p><strong>Vesilaitosten asiakkaille<\/strong> tarjoamme oman palvelun jossa vesilaitoksen asiakkaat voivat seurata omaa <span style=\"color: #000000;\">veden kulutusta. <\/span><\/p>\n<p><span style=\"color: #000000;\">Asiakkaiden omassa palvelussa on saatavilla viikoittaiset ja kuukausittaiset kulutusraportit. Kiinteist\u00f6kohtaisista vuodoista tulee ilmoitus tekstiviesteill\u00e4 esim. wc-p\u00f6ntt\u00f6jen vuodosta. Omaa vedenkulutusta on mahdollisuus verrata oman kuntansa samankokoisten talouksien veden kulutukseen ja valtakunnallisiin arvoihin. <\/span><\/p>\n<\/div><\/div>\t\t\t\t\t\t\t\t\t\t\t\t\t\t\t\t\t<\/div><!--.info-->\t\r\n\t\t\t\t\t\t\t<\/div>\r\n\t\t\t\t\t\t<\/div>\r\n\t\t\t\t\t\t\t\t\t<\/div>\t\r\n\r\n\t\t\t\t\t\t\t\t\r\n\t<\/div><\/div><div id=\"panel-40-0-0-1\" class=\"so-panel widget widget_sydney_services_type_b sydney_services_b_widget\" data-index=\"1\" ><div style=\"text-align: left;\" data-title-color=\"#443f3f\" data-headings-color=\"#443f3f\" class=\"panel-widget-style panel-widget-style-for-40-0-0-1\" >\t\t\t<h3 class=\"widget-title\">KAUKOL\u00c4MP\u00d6MITTARIT<\/h3>\r\n\t\t\t\t<div class=\"roll-icon-list\">\r\n\t\t\t\t\t\t\t\t\t\t\t\t\t\t\t\t\t\t\t\t\t\t\t<div class=\"service clearfix \">\r\n\t\t\t\t\t\t\t<div class=\"list-item clearfix\">\r\n\t\t\t\t\t\t\t\t\t\t\t\t\t\t\t\t<div class=\"content\">\r\n\t\t\t\t\t\t\t\t\t<h3>\r\n\t\t\t\t\t\t\t\t\t\t\t\t\t\t\t\t\t\t\t\t\t<a href=\"https:\/\/www.wrm-systems.fi\/index.php\/kaukolampomittarit\">Kaukol\u00e4mp\u00f6mittarit<\/a>\r\n\t\t\t\t\t\t\t\t\t\t\t\t\t\t\t\t\t\t\t<\/h3>\r\n\t\t\t\t\t\t\t\t\t\t\t\t\t\t\t\t\t\r\n\t\t\t\t\t\t\t\t\t\t<div id=\"dslc-theme-content\"><div id=\"dslc-theme-content-inner\"><p>Kaukol\u00e4mp\u00f6mittarit selainpohjainen palvelu<\/p>\n<\/div><\/div>\t\t\t\t\t\t\t\t\t\t\t\t\t\t\t\t\t<\/div><!--.info-->\t\r\n\t\t\t\t\t\t\t<\/div>\r\n\t\t\t\t\t\t<\/div>\r\n\t\t\t\t\t\t\t\t\t<\/div>\t\r\n\r\n\t\t\t\t\t\t\t\t\r\n\t<\/div><\/div><div id=\"panel-40-0-0-2\" class=\"so-panel widget widget_sydney_services_type_b sydney_services_b_widget\" data-index=\"2\" ><div style=\"text-align: left;\" data-title-color=\"#443f3f\" data-headings-color=\"#443f3f\" class=\"panel-widget-style panel-widget-style-for-40-0-0-2\" >\t\t\t<h3 class=\"widget-title\">J\u00c4TEVEDENPUMPPAAMOT<\/h3>\r\n\t\t\t\t<div class=\"roll-icon-list\">\r\n\t\t\t\t\t\t\t\t\t\t\t\t\t\t\t\t\t\t\t\t\t\t\t<div class=\"service clearfix \">\r\n\t\t\t\t\t\t\t<div class=\"list-item clearfix\">\r\n\t\t\t\t\t\t\t\t\t\t\t\t\t\t\t\t<div class=\"content\">\r\n\t\t\t\t\t\t\t\t\t<h3>\r\n\t\t\t\t\t\t\t\t\t\t\t\t\t\t\t\t\t\t\t\t\t<a href=\"https:\/\/www.wrm-systems.fi\/index.php\/jatevedenpumppaamot\">J\u00e4tevedenpumppaamot<\/a>\r\n\t\t\t\t\t\t\t\t\t\t\t\t\t\t\t\t\t\t\t<\/h3>\r\n\t\t\t\t\t\t\t\t\t\t\t\t\t\t\t\t\t\r\n\t\t\t\t\t\t\t\t\t\t<div id=\"dslc-theme-content\"><div id=\"dslc-theme-content-inner\"><p>J\u00e4tevedenpumpaamojen pumppausm\u00e4\u00e4rien ja s\u00e4hk\u00f6nkulutuksen seurantapalvelu.<\/p>\n<\/div><\/div>\t\t\t\t\t\t\t\t\t\t\t\t\t\t\t\t\t<\/div><!--.info-->\t\r\n\t\t\t\t\t\t\t<\/div>\r\n\t\t\t\t\t\t<\/div>\r\n\t\t\t\t\t\t\t\t\t<\/div>\t\r\n\r\n\t\t\t\t\t\t\t\t\r\n\t<\/div><\/div><div id=\"panel-40-0-0-3\" class=\"so-panel widget widget_sydney_services_type_b sydney_services_b_widget panel-last-child\" data-index=\"3\" ><div style=\"text-align: left;\" data-title-color=\"#443f3f\" data-headings-color=\"#443f3f\" class=\"panel-widget-style panel-widget-style-for-40-0-0-3\" >\t\t\t<h3 class=\"widget-title\">POHJAVEDEN TILAN SEURANTA<\/h3>\r\n\t\t\t\t<div class=\"roll-icon-list\">\r\n\t\t\t\t\t\t\t\t\t\t\t\t\t\t\t\t\t\t\t\t\t\t\t<div class=\"service clearfix \">\r\n\t\t\t\t\t\t\t<div class=\"list-item clearfix\">\r\n\t\t\t\t\t\t\t\t\t\t\t\t\t\t\t\t\t<div class=\"service-thumb\">\r\n\t\t\t\t\t\t\t\t\t\t\t\t\t\t\t\t\t\t\t\t\t<a href=\"https:\/\/www.wrm-systems.fi\/index.php\/gwp-palvelu-vesilaitoksille\/\"><img loading=\"lazy\" decoding=\"async\" width=\"350\" height=\"350\" src=\"https:\/\/www.wrm-systems.fi\/wp-content\/uploads\/2016\/05\/shutterstock_56065390-350x350.jpg\" class=\"attachment-sydney-service-thumb size-sydney-service-thumb wp-post-image\" alt=\"\" srcset=\"https:\/\/www.wrm-systems.fi\/wp-content\/uploads\/2016\/05\/shutterstock_56065390-350x350.jpg 350w, https:\/\/www.wrm-systems.fi\/wp-content\/uploads\/2016\/05\/shutterstock_56065390-150x150.jpg 150w, https:\/\/www.wrm-systems.fi\/wp-content\/uploads\/2016\/05\/shutterstock_56065390-300x300.jpg 300w, https:\/\/www.wrm-systems.fi\/wp-content\/uploads\/2016\/05\/shutterstock_56065390-230x230.jpg 230w, https:\/\/www.wrm-systems.fi\/wp-content\/uploads\/2016\/05\/shutterstock_56065390-45x45.jpg 45w, https:\/\/www.wrm-systems.fi\/wp-content\/uploads\/2016\/05\/shutterstock_56065390.jpg 568w\" sizes=\"(max-width: 350px) 100vw, 350px\" \/><\/a>\t\t\t\t\t\t\t\t\t\t\t\t\t\t\t\t\t\t\t<\/div>\r\n\t\t\t\t\t\t\t\t\t\t\t\t\t\t\t\t<div class=\"content\">\r\n\t\t\t\t\t\t\t\t\t<h3>\r\n\t\t\t\t\t\t\t\t\t\t\t\t\t\t\t\t\t\t\t\t\t<a href=\"https:\/\/www.wrm-systems.fi\/index.php\/gwp-palvelu-vesilaitoksille\/\">Pohjaveden m\u00e4\u00e4r\u00e4n ja laadun seuranta<\/a>\r\n\t\t\t\t\t\t\t\t\t\t\t\t\t\t\t\t\t\t\t<\/h3>\r\n\t\t\t\t\t\t\t\t\t\t\t\t\t\t\t\t\t\r\n\t\t\t\t\t\t\t\t\t\t<div id=\"dslc-theme-content\"><div id=\"dslc-theme-content-inner\"><p style=\"color: #0000ff; text-align: left;\"><span style=\"color: #000000;\"><a style=\"color: #000000;\" href=\"https:\/\/www.wrm-systems.fi\/index.php\/gwp-palvelu-vesilaitoksille\/\" target=\"_blank\" rel=\"noopener noreferrer\">GWP-j\u00e4rjestelm\u00e4ss\u00e4 vesiyhti\u00f6ill\u00e4 on oma vesilaitoskohtainen k\u00e4ytt\u00f6liittym\u00e4, jota k\u00e4ytet\u00e4\u00e4n Internet-selaimella ja palveluun p\u00e4\u00e4see k\u00e4ytt\u00e4j\u00e4tunnuksella ja salasanalla. GWP-palveluamme k\u00e4ytt\u00e4\u00e4 jo yli 50 vesilaitosta ymp\u00e4ri Suomea<\/a><\/span><\/p>\n<\/div><\/div>\t\t\t\t\t\t\t\t\t\t\t\t\t\t\t\t\t<\/div><!--.info-->\t\r\n\t\t\t\t\t\t\t<\/div>\r\n\t\t\t\t\t\t<\/div>\r\n\t\t\t\t\t\t\t\t\t<\/div>\t\r\n\r\n\t\t\t\t\t\t\t\t\r\n\t<\/div><\/div><\/div><\/div><\/div><div id=\"pg-40-1\"  class=\"panel-grid panel-has-style\" ><div class=\"siteorigin-panels-stretch panel-row-style panel-row-style-for-40-1\" style=\"color: #e8e8e8;background-image: url(https:\/\/www.wrm-systems.fi\/wp-content\/uploads\/2016\/05\/shutterstock_348023576.jpg);padding: 0px 0; \" data-stretch-type=\"full\" data-hascolor=\"hascolor\" data-hasbg=\"hasbg\" data-overlay=\"true\" data-overlay-color=\"#000000\" ><div id=\"pgc-40-1-0\"  class=\"panel-grid-cell\" ><div id=\"panel-40-1-0-0\" class=\"so-panel widget widget_siteorigin-panels-builder panel-first-child panel-last-child\" data-index=\"4\" ><div style=\"text-align: left;\" data-title-color=\"#ffffff\" data-headings-color=\"#ffffff\" class=\"panel-widget-style panel-widget-style-for-40-1-0-0\" ><div id=\"pl-w5ea4337c8fd92\"  class=\"panel-layout\" ><div id=\"pg-w5ea4337c8fd92-0\"  class=\"panel-grid panel-has-style\" ><div style=\"padding: 100px 0; \" data-overlay=\"true\" class=\"panel-row-style panel-row-style-for-w5ea4337c8fd92-0\" ><div id=\"pgc-w5ea4337c8fd92-0-0\"  class=\"panel-grid-cell\" ><div id=\"panel-w5ea4337c8fd92-0-0-0\" class=\"so-panel widget widget_sow-editor panel-first-child panel-last-child\" data-index=\"0\" ><div style=\"text-align: center;\" data-title-color=\"#443f3f\" data-headings-color=\"#1e73be\" class=\"panel-widget-style panel-widget-style-for-w5ea4337c8fd92-0-0-0\" ><div\n\t\t\t\n\t\t\tclass=\"so-widget-sow-editor so-widget-sow-editor-base\"\n\t\t\t\n\t\t>\n<div class=\"siteorigin-widget-tinymce textwidget\">\n\t<h4 style=\"text-align: center;\"><span style=\"text-decoration: underline; color: #333333;\">YHTEYSTIEDOT<\/span><\/h4>\n<h4 style=\"text-align: center;\"><span style=\"color: #333333;\">Oulunsalon toimipiste<\/span><br \/>\n<span style=\"color: #333333;\">puh: +358 45 6500 780<\/span><br \/>\n<span style=\"color: #333333;\">Tuijalankuja 3<\/span><br \/>\n<span style=\"color: #333333;\">90460 Oulunsalo<\/span><\/h4>\n<h4 style=\"text-align: center;\"><span style=\"color: #333333;\">Oulun toimipiste<\/span><br \/>\n<span style=\"color: #333333;\">puh:\u00a0 +358 50 597 2677<\/span><br \/>\n<span style=\"color: #333333;\">Hirvensarvi 28<\/span><br \/>\n<span style=\"color: #333333;\">90540 Oulu<\/span><\/h4>\n<h4 style=\"text-align: center;\"><span style=\"color: #333333;\">info@wrm-systems.fi<\/span><\/h4>\n<h4 style=\"text-align: center;\"><span style=\"color: #333333;\">Y-tunnus: 2265629-7<\/span><\/h4>\n<\/div>\n<\/div><\/div><\/div><\/div><\/div><\/div><\/div><\/div><\/div><\/div><\/div><\/div><\/div><\/div><\/div>","protected":false},"excerpt":{"rendered":"<p>YHTEYSTIEDOT Oulunsalon toimipiste puh: +358 45 6500 780 Tuijalankuja 3 90460 Oulunsalo Oulun toimipiste puh:\u00a0 +358 50 597 2677 Hirvensarvi [&hellip;]<\/p>\n","protected":false},"author":2,"featured_media":0,"parent":0,"menu_order":0,"comment_status":"closed","ping_status":"closed","template":"page-templates\/page_front-page.php","meta":{"footnotes":""},"_links":{"self":[{"href":"https:\/\/www.wrm-systems.fi\/index.php\/wp-json\/wp\/v2\/pages\/40"}],"collection":[{"href":"https:\/\/www.wrm-systems.fi\/index.php\/wp-json\/wp\/v2\/pages"}],"about":[{"href":"https:\/\/www.wrm-systems.fi\/index.php\/wp-json\/wp\/v2\/types\/page"}],"author":[{"embeddable":true,"href":"https:\/\/www.wrm-systems.fi\/index.php\/wp-json\/wp\/v2\/users\/2"}],"replies":[{"embeddable":true,"href":"https:\/\/www.wrm-systems.fi\/index.php\/wp-json\/wp\/v2\/comments?post=40"}],"version-history":[{"count":53,"href":"https:\/\/www.wrm-systems.fi\/index.php\/wp-json\/wp\/v2\/pages\/40\/revisions"}],"predecessor-version":[{"id":583,"href":"https:\/\/www.wrm-systems.fi\/index.php\/wp-json\/wp\/v2\/pages\/40\/revisions\/583"}],"wp:attachment":[{"href":"https:\/\/www.wrm-systems.fi\/index.php\/wp-json\/wp\/v2\/media?parent=40"}],"curies":[{"name":"wp","href":"https:\/\/api.w.org\/{rel}","templated":true}]}}