{"id":565,"date":"2022-09-11T10:42:17","date_gmt":"2022-09-11T10:42:17","guid":{"rendered":"http:\/\/www.wrm-systems.com\/fi\/?page_id=565"},"modified":"2023-11-10T12:14:41","modified_gmt":"2023-11-10T12:14:41","slug":"kaukolampomittarit","status":"publish","type":"page","link":"https:\/\/www.wrm-systems.fi\/index.php\/kaukolampomittarit\/","title":{"rendered":"Kaukol\u00e4mp\u00f6mittarit"},"content":{"rendered":"<div id=\"dslc-theme-content\"><div id=\"dslc-theme-content-inner\"><div id=\"pl-gb565-69f38f2673eb6\"  class=\"panel-layout\" ><div id=\"pg-gb565-69f38f2673eb6-0\"  class=\"panel-grid panel-has-style\" ><div style=\"padding: 100px 0; \" data-overlay=\"true\" data-overlay-color=\"#000000\" class=\"panel-row-style panel-row-style-for-gb565-69f38f2673eb6-0\" ><div id=\"pgc-gb565-69f38f2673eb6-0-0\"  class=\"panel-grid-cell\" ><div id=\"panel-gb565-69f38f2673eb6-0-0-0\" class=\"so-panel widget widget_sow-editor panel-first-child panel-last-child\" data-index=\"0\" ><div style=\"text-align: left;\" data-title-color=\"#443f3f\" data-headings-color=\"#443f3f\" class=\"panel-widget-style panel-widget-style-for-gb565-69f38f2673eb6-0-0-0\" ><div\n\t\t\t\n\t\t\tclass=\"so-widget-sow-editor so-widget-sow-editor-base\"\n\t\t\t\n\t\t><h3 class=\"widget-title\">Kaukol\u00e4mp\u00f6mittarit<\/h3>\n<div class=\"siteorigin-widget-tinymce textwidget\">\n\t<p>GWP-j\u00e4rjestelm\u00e4 mahdollistaa kaukol\u00e4mp\u00f6mittareiden l\u00e4hett\u00e4m\u00e4n kulutustiedon seurannan suoraan internet-selaimella. Mittaustiedot siirtyv\u00e4t j\u00e4rjestelm\u00e4\u00e4n esimerkiksi Lorawan \/ NB-IOT verkon v\u00e4lityksell\u00e4. Tuettuna on my\u00f6s mittaustietojen tuonti esimerkiksi Kampstrupin READY-managerista.<\/p>\n<\/div>\n<\/div><\/div><\/div><\/div><\/div><\/div><\/div><\/div><\/div>","protected":false},"excerpt":{"rendered":"<p>GWP-j\u00e4rjestelm\u00e4 mahdollistaa kaukol\u00e4mp\u00f6mittareiden l\u00e4hett\u00e4m\u00e4n kulutustiedon seurannan suoraan internet-selaimella. Mittaustiedot siirtyv\u00e4t j\u00e4rjestelm\u00e4\u00e4n esimerkiksi Lorawan \/ NB-IOT verkon v\u00e4lityksell\u00e4. Tuettuna on my\u00f6s [&hellip;]<\/p>\n","protected":false},"author":2,"featured_media":0,"parent":0,"menu_order":0,"comment_status":"closed","ping_status":"closed","template":"page-templates\/page_front-page.php","meta":{"footnotes":""},"_links":{"self":[{"href":"https:\/\/www.wrm-systems.fi\/index.php\/wp-json\/wp\/v2\/pages\/565"}],"collection":[{"href":"https:\/\/www.wrm-systems.fi\/index.php\/wp-json\/wp\/v2\/pages"}],"about":[{"href":"https:\/\/www.wrm-systems.fi\/index.php\/wp-json\/wp\/v2\/types\/page"}],"author":[{"embeddable":true,"href":"https:\/\/www.wrm-systems.fi\/index.php\/wp-json\/wp\/v2\/users\/2"}],"replies":[{"embeddable":true,"href":"https:\/\/www.wrm-systems.fi\/index.php\/wp-json\/wp\/v2\/comments?post=565"}],"version-history":[{"count":3,"href":"https:\/\/www.wrm-systems.fi\/index.php\/wp-json\/wp\/v2\/pages\/565\/revisions"}],"predecessor-version":[{"id":592,"href":"https:\/\/www.wrm-systems.fi\/index.php\/wp-json\/wp\/v2\/pages\/565\/revisions\/592"}],"wp:attachment":[{"href":"https:\/\/www.wrm-systems.fi\/index.php\/wp-json\/wp\/v2\/media?parent=565"}],"curies":[{"name":"wp","href":"https:\/\/api.w.org\/{rel}","templated":true}]}}