{"id":567,"date":"2022-09-11T10:44:50","date_gmt":"2022-09-11T10:44:50","guid":{"rendered":"http:\/\/www.wrm-systems.com\/fi\/?page_id=567"},"modified":"2023-11-10T12:16:42","modified_gmt":"2023-11-10T12:16:42","slug":"jatevedenpumppaamot","status":"publish","type":"page","link":"https:\/\/www.wrm-systems.fi\/index.php\/jatevedenpumppaamot\/","title":{"rendered":"J\u00e4tevedenpumppaamot"},"content":{"rendered":"<div id=\"dslc-theme-content\"><div id=\"dslc-theme-content-inner\"><div id=\"pl-gb567-69f386c0684e9\"  class=\"panel-layout\" ><div id=\"pg-gb567-69f386c0684e9-0\"  class=\"panel-grid panel-has-style\" ><div style=\"padding: 100px 0; \" data-overlay=\"true\" class=\"panel-row-style panel-row-style-for-gb567-69f386c0684e9-0\" ><div id=\"pgc-gb567-69f386c0684e9-0-0\"  class=\"panel-grid-cell\" ><div id=\"panel-gb567-69f386c0684e9-0-0-0\" class=\"so-panel widget widget_sow-editor panel-first-child panel-last-child\" data-index=\"0\" ><div style=\"text-align: left;\" data-title-color=\"#443f3f\" data-headings-color=\"#443f3f\" class=\"panel-widget-style panel-widget-style-for-gb567-69f386c0684e9-0-0-0\" ><div\n\t\t\t\n\t\t\tclass=\"so-widget-sow-editor so-widget-sow-editor-base\"\n\t\t\t\n\t\t><h3 class=\"widget-title\">J\u00e4tevedenpumpaamojen pumppausm\u00e4\u00e4rien ja s\u00e4hk\u00f6nkulutuksen seurantapalvelu.J\u00e4tevedenpumppaamot<\/h3>\n<div class=\"siteorigin-widget-tinymce textwidget\">\n\t<p>J\u00e4tevedenpumpaamojen pumppausm\u00e4\u00e4rien ja s\u00e4hk\u00f6nkulutuksen seurantapalvelu.<\/p>\n<\/div>\n<\/div><\/div><\/div><\/div><\/div><\/div><\/div><\/div><\/div>","protected":false},"excerpt":{"rendered":"<p>J\u00e4tevedenpumpaamojen pumppausm\u00e4\u00e4rien ja s\u00e4hk\u00f6nkulutuksen seurantapalvelu.<\/p>\n","protected":false},"author":2,"featured_media":0,"parent":0,"menu_order":0,"comment_status":"closed","ping_status":"closed","template":"page-templates\/page_front-page.php","meta":{"footnotes":""},"_links":{"self":[{"href":"https:\/\/www.wrm-systems.fi\/index.php\/wp-json\/wp\/v2\/pages\/567"}],"collection":[{"href":"https:\/\/www.wrm-systems.fi\/index.php\/wp-json\/wp\/v2\/pages"}],"about":[{"href":"https:\/\/www.wrm-systems.fi\/index.php\/wp-json\/wp\/v2\/types\/page"}],"author":[{"embeddable":true,"href":"https:\/\/www.wrm-systems.fi\/index.php\/wp-json\/wp\/v2\/users\/2"}],"replies":[{"embeddable":true,"href":"https:\/\/www.wrm-systems.fi\/index.php\/wp-json\/wp\/v2\/comments?post=567"}],"version-history":[{"count":4,"href":"https:\/\/www.wrm-systems.fi\/index.php\/wp-json\/wp\/v2\/pages\/567\/revisions"}],"predecessor-version":[{"id":593,"href":"https:\/\/www.wrm-systems.fi\/index.php\/wp-json\/wp\/v2\/pages\/567\/revisions\/593"}],"wp:attachment":[{"href":"https:\/\/www.wrm-systems.fi\/index.php\/wp-json\/wp\/v2\/media?parent=567"}],"curies":[{"name":"wp","href":"https:\/\/api.w.org\/{rel}","templated":true}]}}